{"id":1094,"date":"2020-11-03T17:39:00","date_gmt":"2020-11-03T16:39:00","guid":{"rendered":"https:\/\/ies.run\/?page_id=1094"},"modified":"2025-04-03T21:37:03","modified_gmt":"2025-04-03T19:37:03","slug":"accueil-2","status":"publish","type":"page","link":"https:\/\/ies.run\/","title":{"rendered":"Le service \u00e0 la demande"},"content":{"rendered":"<div id=\"pl-1094\"  class=\"panel-layout\" ><div id=\"pg-1094-0\"  class=\"panel-grid panel-no-style\" ><div id=\"pgc-1094-0-0\"  class=\"panel-grid-cell\" ><div id=\"panel-1094-0-0-0\" class=\"so-panel widget widget_sow-editor panel-first-child panel-last-child\" data-index=\"0\" ><div\n\t\t\t\n\t\t\tclass=\"so-widget-sow-editor so-widget-sow-editor-base\"\n\t\t\t\n\t\t>\n<div class=\"siteorigin-widget-tinymce textwidget\">\n\t<h4><strong>Pourquoi choisir \u0130AZIAL ?<\/strong><\/h4>\n<h4>Les entreprises s'engagent dans la transformation digitale afin de permettre \u00e0 leurs utilisateurs de b\u00e9n\u00e9ficier de solutions num\u00e9riques adapt\u00e9es \u00e0 leur besoin. Des \u00e9quipes projet sont donc cr\u00e9\u00e9es au sein des DSI et des d\u00e9partements m\u00e9tiers pour r\u00e9pondre aux demandes. Ces \u00e9quipes mettent tout en oeuvre pour satisfaire l'utilisateur final de fa\u00e7on p\u00e9renne. La r\u00e9ponse attendue repose g\u00e9n\u00e9ralement sur la mise en place d'une infrastructure s\u00e9curis\u00e9e, une solution applicative et le service qui l'accompagne.<\/h4>\n<h4>Nous avons choisi de vous accompagner en vous proposant nos comp\u00e9tences et notre exp\u00e9rience en technologie de l'information afin que vous puissiez utiliser la solution num\u00e9rique choisie en toute s\u00e9curit\u00e9 et de fa\u00e7on p\u00e9renne.<\/h4>\n<h4>Nos ma\u00eetres mots sont l'adaptabilit\u00e9, la confiance et la satisfaction mutuelle des projets r\u00e9ussis.<\/h4>\n<\/div>\n<\/div><\/div><\/div><\/div><div id=\"pg-1094-1\"  class=\"panel-grid panel-has-style\" ><div class=\"panel-row-style panel-row-style-for-1094-1\" ><div id=\"pgc-1094-1-0\"  class=\"panel-grid-cell\" ><div id=\"panel-1094-1-0-0\" class=\"so-panel widget widget_sow-editor panel-first-child\" data-index=\"1\" ><div\n\t\t\t\n\t\t\tclass=\"so-widget-sow-editor so-widget-sow-editor-base\"\n\t\t\t\n\t\t>\n<div class=\"siteorigin-widget-tinymce textwidget\">\n\t<h2 class=\"entry-title \"><strong>\u00a0<\/strong><\/h2>\n<div data-post-id=\"998\" class=\"insert-page insert-page-998 \">\n<div class=\"wp-block-media-text alignwide is-stacked-on-mobile is-image-fill has-black-color has-text-color has-background\" style=\"background:linear-gradient(300deg,rgb(238,238,238) 0%,rgb(169,184,195) 100%)\"><figure class=\"wp-block-media-text__media\" style=\"background-image:url(https:\/\/ies.run\/wp-content\/uploads\/2020\/11\/Conseil2.png);background-position:50% 50%\"><img loading=\"lazy\" decoding=\"async\" width=\"870\" height=\"400\" src=\"https:\/\/ies.run\/wp-content\/uploads\/2020\/11\/Conseil2.png\" alt=\"\" class=\"wp-image-1187 size-full\" srcset=\"https:\/\/ies.run\/wp-content\/uploads\/2020\/11\/Conseil2.png 870w, https:\/\/ies.run\/wp-content\/uploads\/2020\/11\/Conseil2-300x138.png 300w, https:\/\/ies.run\/wp-content\/uploads\/2020\/11\/Conseil2-768x353.png 768w\" sizes=\"(max-width: 870px) 100vw, 870px\" \/><\/figure><div class=\"wp-block-media-text__content\">\n<h4 class=\"wp-block-heading\" id=\"nous-vous-accompagnons-dans-le-passage-en-production-de-vos-services-it\">Nous vous accompagnons <strong>dans le passage en production de vos services IT<\/strong><\/h4>\n<\/div><\/div>\n<\/div>\n<\/div>\n<\/div><\/div><div id=\"panel-1094-1-0-1\" class=\"so-panel widget widget_sow-editor\" data-index=\"2\" ><div\n\t\t\t\n\t\t\tclass=\"so-widget-sow-editor so-widget-sow-editor-base\"\n\t\t\t\n\t\t>\n<div class=\"siteorigin-widget-tinymce textwidget\">\n\t<div data-post-id=\"1113\" class=\"insert-page insert-page-1113 \">\n<div class=\"wp-block-media-text alignwide has-media-on-the-right is-stacked-on-mobile is-image-fill has-black-color has-very-light-gray-to-cyan-bluish-gray-gradient-background has-text-color has-background\"><figure class=\"wp-block-media-text__media\" style=\"background-image:url(https:\/\/ies.run\/wp-content\/uploads\/2020\/11\/2-test-recette-1024x496.jpeg);background-position:50% 50%\"><img loading=\"lazy\" decoding=\"async\" width=\"1024\" height=\"496\" src=\"https:\/\/ies.run\/wp-content\/uploads\/2020\/11\/2-test-recette-1024x496.jpeg\" alt=\"\" class=\"wp-image-1096 size-full\" srcset=\"https:\/\/ies.run\/wp-content\/uploads\/2020\/11\/2-test-recette-1024x496.jpeg 1024w, https:\/\/ies.run\/wp-content\/uploads\/2020\/11\/2-test-recette-300x145.jpeg 300w, https:\/\/ies.run\/wp-content\/uploads\/2020\/11\/2-test-recette-768x372.jpeg 768w, https:\/\/ies.run\/wp-content\/uploads\/2020\/11\/2-test-recette-1536x745.jpeg 1536w, https:\/\/ies.run\/wp-content\/uploads\/2020\/11\/2-test-recette.jpeg 1739w\" sizes=\"(max-width: 1024px) 100vw, 1024px\" \/><\/figure><div class=\"wp-block-media-text__content\">\n<h4 class=\"wp-block-heading\" id=\"nous-vous-assistons-durant-la-phase-de-tests-et-recettes\">Nous vous assistons<strong> durant <\/strong><br><strong>la phase de tests et recettes<\/strong><\/h4>\n<\/div><\/div>\n\n\n\n<p><\/p>\n<\/div>\n<\/div>\n<\/div><\/div><div id=\"panel-1094-1-0-2\" class=\"so-panel widget widget_sow-editor panel-last-child\" data-index=\"3\" ><div\n\t\t\t\n\t\t\tclass=\"so-widget-sow-editor so-widget-sow-editor-base\"\n\t\t\t\n\t\t>\n<div class=\"siteorigin-widget-tinymce textwidget\">\n\t<div data-post-id=\"658\" class=\"insert-page insert-page-658 \">\n<div class=\"wp-block-media-text alignwide is-stacked-on-mobile is-image-fill has-black-color has-very-light-gray-to-cyan-bluish-gray-gradient-background has-text-color has-background\"><figure class=\"wp-block-media-text__media\" style=\"background-image:url(https:\/\/ies.run\/wp-content\/uploads\/2020\/11\/incidents14-2.png);background-position:50% 50%\"><img loading=\"lazy\" decoding=\"async\" width=\"508\" height=\"265\" src=\"https:\/\/ies.run\/wp-content\/uploads\/2020\/11\/incidents14-2.png\" alt=\"\" class=\"wp-image-1224 size-full\" srcset=\"https:\/\/ies.run\/wp-content\/uploads\/2020\/11\/incidents14-2.png 508w, https:\/\/ies.run\/wp-content\/uploads\/2020\/11\/incidents14-2-300x156.png 300w\" sizes=\"(max-width: 508px) 100vw, 508px\" \/><\/figure><div class=\"wp-block-media-text__content\">\n<h4 class=\"wp-block-heading\" id=\"nous-vous-conseillons-dans-la-gestion-des-incidents-et-des-demandes\">Nous vous c<strong>onseillons dans la gestion des incidents et des demandes <\/strong><\/h4>\n<\/div><\/div>\n\n\n\n<p><\/p>\n<\/div>\n<\/div>\n<\/div><\/div><\/div><\/div><\/div><div id=\"pg-1094-2\"  class=\"panel-grid panel-no-style\" ><div id=\"pgc-1094-2-0\"  class=\"panel-grid-cell\" ><div id=\"panel-1094-2-0-0\" class=\"so-panel widget widget_sow-editor panel-first-child panel-last-child\" data-index=\"4\" ><div class=\"panel-widget-style panel-widget-style-for-1094-2-0-0\" ><div\n\t\t\t\n\t\t\tclass=\"so-widget-sow-editor so-widget-sow-editor-base\"\n\t\t\t\n\t\t>\n<div class=\"siteorigin-widget-tinymce textwidget\">\n\t<h4 id=\"prestation\"><strong>Nos prestations<\/strong><\/h4>\n<h4 style=\"text-align: left;\">Nous mettons \u00e0 votre service notre exp\u00e9rience pour vous accompagner lors de la r\u00e9daction de vos livrables, tels que des documents de gouvernance, des livrables techniques ou encore, des livrables li\u00e9s \u00e0 des services informatiques.<\/h4>\n<h4 style=\"text-align: left;\">Vous avez un besoin ?\u00a0 \u00a0<a href=\"https:\/\/ies.run\/?page_id=153\">Contactez-nous !<\/a><\/h4>\n<\/div>\n<\/div><\/div><\/div><\/div><\/div><div id=\"pg-1094-3\"  class=\"panel-grid panel-no-style\" ><div id=\"pgc-1094-3-0\"  class=\"panel-grid-cell\" ><div id=\"panel-1094-3-0-0\" class=\"so-panel widget widget_sow-editor panel-first-child panel-last-child\" data-index=\"5\" ><div\n\t\t\t\n\t\t\tclass=\"so-widget-sow-editor so-widget-sow-editor-base\"\n\t\t\t\n\t\t>\n<div class=\"siteorigin-widget-tinymce textwidget\">\n\t            <div class=\"oxi-addons-container noLightbox oxi-image-hover-wrapper-9 \" id=\"oxi-image-hover-wrapper-9\">\r\n                <div class=\"oxi-addons-row\">\r\n                    \r\n\r\n            <div class=\"oxi-image-hover-style oxi-bt-col-lg-4 oxi-bt-col-md-6 oxi-bt-col-sm-12  \"  >\r\n                <div class=\"oxi-image-hover-style-flipbox\">\r\n                                            <a  href=\"https:\/\/ies.run\/?page_id=61\">\r\n                                                    <div class=\"oxi-image-hover oxi-image-flipbox-hover oxi-image-flipbox-hover-style-3 oxi-image-flipbox-hover-9-30\">\r\n                            <div class=\"oxi-image-hover-figure  oxi-image-flip-top-to-bottom \">\r\n                                <div class=\"oxi-image-hover-figure-frontend\">\r\n                                    <div class=\"oxi-image-hover-figure-front-section\">\r\n                                        <div class=\"oxi-image-hover-figure-front-section-body\">\r\n                                            <div class=\"oxi-image-hover-figure-front-section-image-body\">\r\n                                                                                                    <img decoding=\"async\"  src=\"https:\/\/ies.run\/wp-content\/uploads\/2020\/10\/apepp_-_internet.jpg\" >\r\n                                                    \r\n                                            <\/div>\r\n                                            <div class=\"oxi-image-hover-figure-front-section-heading-body\">\r\n                                                                                                    <div class=\"oxi-image-hover-heading  \">Livrables conseill\u00e9s<\/div>\r\n                                                                              <\/div>\r\n                                        <\/div>\r\n                                    <\/div>\r\n                                <\/div>\r\n                                <div class=\"oxi-image-hover-figure-backend\">\r\n                                    <div class=\"oxi-image-hover-figure-back-section \">\r\n                                        <div class=\"oxi-image-hover-figure-backend-section-body image-hover-align-center-center\">\r\n                                               \r\n\r\n                                                <div class=\"oxi-image-hover-content    \">Cr\u00e9ation de livrables, indispensables \u00e0\u00a0la MEP<br><\/div>\r\n                                                   \r\n                                        <\/div>\r\n                                    <\/div>\r\n                                <\/div>\r\n                            <\/div>\r\n                        <\/div>\r\n                                                <\/a>\r\n                                        <\/div>\r\n                  \r\n            <\/div>\r\n            \r\n\r\n            <div class=\"oxi-image-hover-style oxi-bt-col-lg-4 oxi-bt-col-md-6 oxi-bt-col-sm-12  \"  >\r\n                <div class=\"oxi-image-hover-style-flipbox\">\r\n                                            <a  href=\"https:\/\/ies.run\/?page_id=420\">\r\n                                                    <div class=\"oxi-image-hover oxi-image-flipbox-hover oxi-image-flipbox-hover-style-3 oxi-image-flipbox-hover-9-31\">\r\n                            <div class=\"oxi-image-hover-figure  oxi-image-flip-top-to-bottom \">\r\n                                <div class=\"oxi-image-hover-figure-frontend\">\r\n                                    <div class=\"oxi-image-hover-figure-front-section\">\r\n                                        <div class=\"oxi-image-hover-figure-front-section-body\">\r\n                                            <div class=\"oxi-image-hover-figure-front-section-image-body\">\r\n                                                                                                    <img decoding=\"async\"  src=\"https:\/\/ies.run\/wp-content\/uploads\/2020\/10\/agile.jpg\" >\r\n                                                    \r\n                                            <\/div>\r\n                                            <div class=\"oxi-image-hover-figure-front-section-heading-body\">\r\n                                                                                                    <div class=\"oxi-image-hover-heading  \">Phases de tests et recettes<\/div>\r\n                                                                              <\/div>\r\n                                        <\/div>\r\n                                    <\/div>\r\n                                <\/div>\r\n                                <div class=\"oxi-image-hover-figure-backend\">\r\n                                    <div class=\"oxi-image-hover-figure-back-section \">\r\n                                        <div class=\"oxi-image-hover-figure-backend-section-body image-hover-align-center-center\">\r\n                                               \r\n\r\n                                                <div class=\"oxi-image-hover-content    \">\u00c9laboration de livrables, <br>destin\u00e9s \u00e0 des phases de test et recette (IVV)<\/div>\r\n                                                   \r\n                                        <\/div>\r\n                                    <\/div>\r\n                                <\/div>\r\n                            <\/div>\r\n                        <\/div>\r\n                                                <\/a>\r\n                                        <\/div>\r\n                  \r\n            <\/div>\r\n            \r\n\r\n            <div class=\"oxi-image-hover-style oxi-bt-col-lg-4 oxi-bt-col-md-6 oxi-bt-col-sm-12  \"  >\r\n                <div class=\"oxi-image-hover-style-flipbox\">\r\n                                            <a  href=\"https:\/\/ies.run\/?page_id=451\">\r\n                                                    <div class=\"oxi-image-hover oxi-image-flipbox-hover oxi-image-flipbox-hover-style-3 oxi-image-flipbox-hover-9-33\">\r\n                            <div class=\"oxi-image-hover-figure  oxi-image-flip-top-to-bottom \">\r\n                                <div class=\"oxi-image-hover-figure-frontend\">\r\n                                    <div class=\"oxi-image-hover-figure-front-section\">\r\n                                        <div class=\"oxi-image-hover-figure-front-section-body\">\r\n                                            <div class=\"oxi-image-hover-figure-front-section-image-body\">\r\n                                                                                                    <img decoding=\"async\"  src=\"https:\/\/ies.run\/wp-content\/uploads\/2020\/11\/shutterstock_510983926.jpg\" >\r\n                                                    \r\n                                            <\/div>\r\n                                            <div class=\"oxi-image-hover-figure-front-section-heading-body\">\r\n                                                                                                    <div class=\"oxi-image-hover-heading  \">Gestion des incidents et des demandes<\/div>\r\n                                                                              <\/div>\r\n                                        <\/div>\r\n                                    <\/div>\r\n                                <\/div>\r\n                                <div class=\"oxi-image-hover-figure-backend\">\r\n                                    <div class=\"oxi-image-hover-figure-back-section \">\r\n                                        <div class=\"oxi-image-hover-figure-backend-section-body image-hover-align-center-center\">\r\n                                               \r\n\r\n                                                <div class=\"oxi-image-hover-content    \">Constitution de livrables, sp\u00e9cifiques \u00e0 la gestion des incidents et demandes<\/div>\r\n                                                   \r\n                                        <\/div>\r\n                                    <\/div>\r\n                                <\/div>\r\n                            <\/div>\r\n                        <\/div>\r\n                                                <\/a>\r\n                                        <\/div>\r\n                  \r\n            <\/div>\r\n                            <\/div>\r\n            <\/div>\r\n        \n<\/div>\n<\/div><\/div><\/div><\/div><\/div>","protected":false},"excerpt":{"rendered":"<p>Pourquoi choisir \u0130AZIAL ? Les entreprises s&rsquo;engagent dans la transformation digitale afin de permettre \u00e0 leurs utilisateurs de b\u00e9n\u00e9ficier de solutions num\u00e9riques adapt\u00e9es \u00e0 leur besoin. Des \u00e9quipes projet sont donc cr\u00e9\u00e9es au sein des DSI et des d\u00e9partements m\u00e9tiers pour r\u00e9pondre aux demandes. Ces \u00e9quipes mettent tout en oeuvre pour satisfaire l&rsquo;utilisateur final de [&hellip;]<\/p>\n","protected":false},"author":4,"featured_media":0,"parent":0,"menu_order":0,"comment_status":"closed","ping_status":"closed","template":"","meta":{"footnotes":""},"_links":{"self":[{"href":"https:\/\/ies.run\/index.php?rest_route=\/wp\/v2\/pages\/1094"}],"collection":[{"href":"https:\/\/ies.run\/index.php?rest_route=\/wp\/v2\/pages"}],"about":[{"href":"https:\/\/ies.run\/index.php?rest_route=\/wp\/v2\/types\/page"}],"author":[{"embeddable":true,"href":"https:\/\/ies.run\/index.php?rest_route=\/wp\/v2\/users\/4"}],"replies":[{"embeddable":true,"href":"https:\/\/ies.run\/index.php?rest_route=%2Fwp%2Fv2%2Fcomments&post=1094"}],"version-history":[{"count":77,"href":"https:\/\/ies.run\/index.php?rest_route=\/wp\/v2\/pages\/1094\/revisions"}],"predecessor-version":[{"id":1848,"href":"https:\/\/ies.run\/index.php?rest_route=\/wp\/v2\/pages\/1094\/revisions\/1848"}],"wp:attachment":[{"href":"https:\/\/ies.run\/index.php?rest_route=%2Fwp%2Fv2%2Fmedia&parent=1094"}],"curies":[{"name":"wp","href":"https:\/\/api.w.org\/{rel}","templated":true}]}}